{"id":7,"date":"2018-05-17T22:26:17","date_gmt":"2018-05-17T22:26:17","guid":{"rendered":"http:\/\/deneme.hasanagcadershaneleri.com\/?page_id=7"},"modified":"2025-11-19T10:06:09","modified_gmt":"2025-11-19T10:06:09","slug":"d1","status":"publish","type":"page","link":"http:\/\/hasanagcadershaneleri.com\/","title":{"rendered":"Anasayfa"},"content":{"rendered":"[vc_row gap=&#8221;3&#8243;][vc_column][rev_slider_vc alias=&#8221;ma1&#8243;][\/vc_column][\/vc_row][vc_row css_animation=&#8221;fadeInUp&#8221;][vc_column width=&#8221;1\/2&#8243;][vc_row_inner][vc_column_inner] \n \n          <div class='poly_custom-4 hover-image wpb_content_element  vc_align_left'>\n            <div class='module-inner' style='width:100%;'>\n              \n              \n                <div class='module-image'>\n                  <img class=\"image-inner \" src=\"http:\/\/hasanagcadershaneleri.com\/wp-content\/uploads\/2019\/03\/WhatsApp-Image-2018-05-27-at-12.37.42-1020x770.jpeg\" width=\"1020\" height=\"770\" alt=\"WhatsApp Image 2018-05-27 at 12.37.42\" title=\"WhatsApp Image 2018-05-27 at 12.37.42\" \/>\n                <\/div>\n              \n\n              <div class='module-content'  style=''>\n                <div class='content-inner'>\n                  \n                  \n<h1 style=\"text-align: center;\"><span style=\"color: #ff0000;\"><strong>TE\u015eEKK\u00dcRLER<\/strong><\/span><\/h1>\n\n                <\/div>\n              <\/div>\n              \n              <div class='module-background' style='background-color:#26516a; opacity:0.9'>\n              <\/div>\n\n              <div class='pb_transitions'>\n                <div class='pb_css'>\n                <style>\n                      html:not(.no-csstransitions) .poly_custom-4.hover-image .module-inner .module-content,\n                      html:not(.no-csstransitions) .poly_custom-4.hover-image .module-inner .module-background {\n                        height: 40px;\n                      }\n                      html:not(.no-csstransitions) .poly_custom-4.hover-image .module-inner:hover .module-content, \n                      html:not(.no-csstransitions) .poly_custom-4.hover-image .module-inner:hover .module-background { \n                        height: 100%;\n                      }\n                      \/* #Tablet (Portrait) *\/\n                      @media only screen and (min-width: 768px) and (max-width: 959px) {\n                        html:not(.no-csstransitions) .poly_custom-4.hover-image .module-inner .module-content, \n                        html:not(.no-csstransitions) .poly_custom-4.hover-image .module-inner .module-background {\n                            height: 25px;\n                        }\n                        html:not(.no-csstransitions) .poly_custom-4.hover-image .module-inner:hover .module-content, \n                        html:not(.no-csstransitions) .poly_custom-4.hover-image .module-inner:hover .module-background { \n                          height: 100%;\n                        }\n                      }\n                  <\/style>\n                <\/div>\n                <div class='pb_jquery'>\n                  <input class='start_position' type='text' value='40px' style='display:none;'>\n                      <input class='end_position' type='text' value='100%' style='display:none;'>\n                    <\/div>\n                <\/div>\n\n            <\/div>\n\n      <\/div>\n\n\n  [\/vc_column_inner][\/vc_row_inner][vc_row_inner css=&#8221;.vc_custom_1532101365374{margin-top: -35px !important;}&#8221;][vc_column_inner width=&#8221;1\/2&#8243;] \n \n          <div class='poly_custom-4 hover-image wpb_content_element  vc_align_left'>\n            <div class='module-inner' style='width:100%;'>\n              \n              \n                <div class='module-image'>\n                  <img class=\"image-inner \" src=\"http:\/\/hasanagcadershaneleri.com\/wp-content\/uploads\/2018\/07\/k_17142333_k_24124750_02031546_rehberlkservs-500x370.jpg\" width=\"500\" height=\"370\" alt=\"k_17142333_k_24124750_02031546_rehberlkservs\" title=\"k_17142333_k_24124750_02031546_rehberlkservs\" \/>\n                <\/div>\n              \n\n              <div class='module-content'  style=''>\n                <div class='content-inner'>\n                  \n                  REHBERL\u0130K<\/p>\n<p><a href=\"http:\/\/hasanagcadershaneleri.com\/?page_id=229\">Detayl\u0131 bilgi i\u00e7in t\u0131klay\u0131n\u0131z<\/a>\n                <\/div>\n              <\/div>\n              \n              <div class='module-background' style='background-color:#ff2626; opacity:0.9'>\n              <\/div>\n\n              <div class='pb_transitions'>\n                <div class='pb_css'>\n                <style>\n                      html:not(.no-csstransitions) .poly_custom-4.hover-image .module-inner .module-content,\n                      html:not(.no-csstransitions) .poly_custom-4.hover-image .module-inner .module-background {\n                        height: 40px;\n                      }\n                      html:not(.no-csstransitions) .poly_custom-4.hover-image .module-inner:hover .module-content, \n                      html:not(.no-csstransitions) .poly_custom-4.hover-image .module-inner:hover .module-background { \n                        height: 100%;\n                      }\n                      \/* #Tablet (Portrait) *\/\n                      @media only screen and (min-width: 768px) and (max-width: 959px) {\n                        html:not(.no-csstransitions) .poly_custom-4.hover-image .module-inner .module-content, \n                        html:not(.no-csstransitions) .poly_custom-4.hover-image .module-inner .module-background {\n                            height: 25px;\n                        }\n                        html:not(.no-csstransitions) .poly_custom-4.hover-image .module-inner:hover .module-content, \n                        html:not(.no-csstransitions) .poly_custom-4.hover-image .module-inner:hover .module-background { \n                          height: 100%;\n                        }\n                      }\n                  <\/style>\n                <\/div>\n                <div class='pb_jquery'>\n                  <input class='start_position' type='text' value='40px' style='display:none;'>\n                      <input class='end_position' type='text' value='100%' style='display:none;'>\n                    <\/div>\n                <\/div>\n\n            <\/div>\n\n      <\/div>\n\n\n  [\/vc_column_inner][vc_column_inner width=&#8221;1\/2&#8243;] \n \n          <div class='poly_custom-4 hover-image wpb_content_element  vc_align_left'>\n            <div class='module-inner' style='width:100%;'>\n              \n              \n                <div class='module-image'>\n                  <img class=\"image-inner \" src=\"http:\/\/hasanagcadershaneleri.com\/wp-content\/uploads\/2018\/07\/grafikler_650_11-500x365.jpg\" width=\"500\" height=\"365\" alt=\"grafikler_650_11\" title=\"grafikler_650_11\" \/>\n                <\/div>\n              \n\n              <div class='module-content'  style=''>\n                <div class='content-inner'>\n                  \n                  TABAN PUANLAR<\/p>\n<p><a href=\"http:\/\/hasanagcadershaneleri.com\/?page_id=394\">Detayl\u0131 bilgi i\u00e7in t\u0131klay\u0131n\u0131z<\/a>\n                <\/div>\n              <\/div>\n              \n              <div class='module-background' style='background-color:#3cbddd; opacity:0.9'>\n              <\/div>\n\n              <div class='pb_transitions'>\n                <div class='pb_css'>\n                <style>\n                      html:not(.no-csstransitions) .poly_custom-4.hover-image .module-inner .module-content,\n                      html:not(.no-csstransitions) .poly_custom-4.hover-image .module-inner .module-background {\n                        height: 40px;\n                      }\n                      html:not(.no-csstransitions) .poly_custom-4.hover-image .module-inner:hover .module-content, \n                      html:not(.no-csstransitions) .poly_custom-4.hover-image .module-inner:hover .module-background { \n                        height: 100%;\n                      }\n                      \/* #Tablet (Portrait) *\/\n                      @media only screen and (min-width: 768px) and (max-width: 959px) {\n                        html:not(.no-csstransitions) .poly_custom-4.hover-image .module-inner .module-content, \n                        html:not(.no-csstransitions) .poly_custom-4.hover-image .module-inner .module-background {\n                            height: 25px;\n                        }\n                        html:not(.no-csstransitions) .poly_custom-4.hover-image .module-inner:hover .module-content, \n                        html:not(.no-csstransitions) .poly_custom-4.hover-image .module-inner:hover .module-background { \n                          height: 100%;\n                        }\n                      }\n                  <\/style>\n                <\/div>\n                <div class='pb_jquery'>\n                  <input class='start_position' type='text' value='40px' style='display:none;'>\n                      <input class='end_position' type='text' value='100%' style='display:none;'>\n                    <\/div>\n                <\/div>\n\n            <\/div>\n\n      <\/div>\n\n\n  [\/vc_column_inner][\/vc_row_inner][\/vc_column][vc_column width=&#8221;1\/2&#8243;][vc_row_inner equal_height=&#8221;yes&#8221; el_id=&#8221;55&#8243;][vc_column_inner width=&#8221;1\/2&#8243;] \n \n          <div class='poly_custom-4 hover-image wpb_content_element  vc_align_left'>\n            <div class='module-inner' style='width:100%;'>\n              \n              \n                <div class='module-image'>\n                  <img class=\"image-inner \" src=\"http:\/\/hasanagcadershaneleri.com\/wp-content\/uploads\/2018\/07\/1-500x370.jpg\" width=\"500\" height=\"370\" alt=\"1\" title=\"1\" \/>\n                <\/div>\n              \n\n              <div class='module-content'  style=''>\n                <div class='content-inner'>\n                  \n                  BA\u015eARILARIMIZ<\/p>\n<p>Yerle\u015ftikleri okullara g\u00f6re ba\u015far\u0131l\u0131 \u00f6\u011frencilerimiz&#8230;<\/p>\n<p><a href=\"http:\/\/hasanagcadershaneleri.com\/?page_id=247\">Detayl\u0131 bilgi i\u00e7in t\u0131klay\u0131n\u0131z<\/a>\n                <\/div>\n              <\/div>\n              \n              <div class='module-background' style='background-color:#26516a; opacity:0.9'>\n              <\/div>\n\n              <div class='pb_transitions'>\n                <div class='pb_css'>\n                <style>\n                      html:not(.no-csstransitions) .poly_custom-4.hover-image .module-inner .module-content,\n                      html:not(.no-csstransitions) .poly_custom-4.hover-image .module-inner .module-background {\n                        height: 40px;\n                      }\n                      html:not(.no-csstransitions) .poly_custom-4.hover-image .module-inner:hover .module-content, \n                      html:not(.no-csstransitions) .poly_custom-4.hover-image .module-inner:hover .module-background { \n                        height: 100%;\n                      }\n                      \/* #Tablet (Portrait) *\/\n                      @media only screen and (min-width: 768px) and (max-width: 959px) {\n                        html:not(.no-csstransitions) .poly_custom-4.hover-image .module-inner .module-content, \n                        html:not(.no-csstransitions) .poly_custom-4.hover-image .module-inner .module-background {\n                            height: 25px;\n                        }\n                        html:not(.no-csstransitions) .poly_custom-4.hover-image .module-inner:hover .module-content, \n                        html:not(.no-csstransitions) .poly_custom-4.hover-image .module-inner:hover .module-background { \n                          height: 100%;\n                        }\n                      }\n                  <\/style>\n                <\/div>\n                <div class='pb_jquery'>\n                  <input class='start_position' type='text' value='40px' style='display:none;'>\n                      <input class='end_position' type='text' value='100%' style='display:none;'>\n                    <\/div>\n                <\/div>\n\n            <\/div>\n\n      <\/div>\n\n\n   \n \n          <div class='poly_custom-4 hover-image wpb_content_element  vc_align_left'>\n            <div class='module-inner' style='width:100%;'>\n              \n              \n                <div class='module-image'>\n                  <img class=\"image-inner \" src=\"http:\/\/hasanagcadershaneleri.com\/wp-content\/uploads\/2018\/07\/WhatsApp-Image-2018-07-20-at-18.19.14.jpeg\" width=\"500\" height=\"375\" alt=\"WhatsApp Image 2018-07-20 at 18.19.14\" title=\"WhatsApp Image 2018-07-20 at 18.19.14\" \/>\n                <\/div>\n              \n\n              <div class='module-content'  style=''>\n                <div class='content-inner'>\n                  \n                  Liseye Giri\u015f S\u0131nav\u0131<\/p>\n<p><a href=\"http:\/\/hasanagcadershaneleri.com\/?page_id=152\">Detayl\u0131 bilgi i\u00e7in t\u0131klay\u0131n\u0131z<\/a>\n                <\/div>\n              <\/div>\n              \n              <div class='module-background' style='background-color:#26516a; opacity:0.9'>\n              <\/div>\n\n              <div class='pb_transitions'>\n                <div class='pb_css'>\n                <style>\n                      html:not(.no-csstransitions) .poly_custom-4.hover-image .module-inner .module-content,\n                      html:not(.no-csstransitions) .poly_custom-4.hover-image .module-inner .module-background {\n                        height: 40px;\n                      }\n                      html:not(.no-csstransitions) .poly_custom-4.hover-image .module-inner:hover .module-content, \n                      html:not(.no-csstransitions) .poly_custom-4.hover-image .module-inner:hover .module-background { \n                        height: 100%;\n                      }\n                      \/* #Tablet (Portrait) *\/\n                      @media only screen and (min-width: 768px) and (max-width: 959px) {\n                        html:not(.no-csstransitions) .poly_custom-4.hover-image .module-inner .module-content, \n                        html:not(.no-csstransitions) .poly_custom-4.hover-image .module-inner .module-background {\n                            height: 25px;\n                        }\n                        html:not(.no-csstransitions) .poly_custom-4.hover-image .module-inner:hover .module-content, \n                        html:not(.no-csstransitions) .poly_custom-4.hover-image .module-inner:hover .module-background { \n                          height: 100%;\n                        }\n                      }\n                  <\/style>\n                <\/div>\n                <div class='pb_jquery'>\n                  <input class='start_position' type='text' value='40px' style='display:none;'>\n                      <input class='end_position' type='text' value='100%' style='display:none;'>\n                    <\/div>\n                <\/div>\n\n            <\/div>\n\n      <\/div>\n\n\n   \n \n          <div class='poly_custom-4 hover-image wpb_content_element  vc_align_left'>\n            <div class='module-inner' style='width:100%;'>\n              \n              \n                <div class='module-image'>\n                  <img class=\"image-inner \" src=\"http:\/\/hasanagcadershaneleri.com\/wp-content\/uploads\/2018\/07\/WhatsApp-Image-2018-07-20-at-18.19.15-500x370.jpeg\" width=\"500\" height=\"370\" alt=\"WhatsApp Image 2018-07-20 at 18.19.15\" title=\"WhatsApp Image 2018-07-20 at 18.19.15\" \/>\n                <\/div>\n              \n\n              <div class='module-content'  style=''>\n                <div class='content-inner'>\n                  \n                  Y\u00fcksek\u00f6\u011fretim Kurumlar\u0131 S\u0131nav\u0131<\/p>\n<p><a href=\"http:\/\/hasanagcadershaneleri.com\/?page_id=255\">Detayl\u0131 bilgi i\u00e7in t\u0131klay\u0131n\u0131z<\/a>\n                <\/div>\n              <\/div>\n              \n              <div class='module-background' style='background-color:#93d736; opacity:0.9'>\n              <\/div>\n\n              <div class='pb_transitions'>\n                <div class='pb_css'>\n                <style>\n                      html:not(.no-csstransitions) .poly_custom-4.hover-image .module-inner .module-content,\n                      html:not(.no-csstransitions) .poly_custom-4.hover-image .module-inner .module-background {\n                        height: 40px;\n                      }\n                      html:not(.no-csstransitions) .poly_custom-4.hover-image .module-inner:hover .module-content, \n                      html:not(.no-csstransitions) .poly_custom-4.hover-image .module-inner:hover .module-background { \n                        height: 100%;\n                      }\n                      \/* #Tablet (Portrait) *\/\n                      @media only screen and (min-width: 768px) and (max-width: 959px) {\n                        html:not(.no-csstransitions) .poly_custom-4.hover-image .module-inner .module-content, \n                        html:not(.no-csstransitions) .poly_custom-4.hover-image .module-inner .module-background {\n                            height: 25px;\n                        }\n                        html:not(.no-csstransitions) .poly_custom-4.hover-image .module-inner:hover .module-content, \n                        html:not(.no-csstransitions) .poly_custom-4.hover-image .module-inner:hover .module-background { \n                          height: 100%;\n                        }\n                      }\n                  <\/style>\n                <\/div>\n                <div class='pb_jquery'>\n                  <input class='start_position' type='text' value='40px' style='display:none;'>\n                      <input class='end_position' type='text' value='100%' style='display:none;'>\n                    <\/div>\n                <\/div>\n\n            <\/div>\n\n      <\/div>\n\n\n  [\/vc_column_inner][vc_column_inner width=&#8221;1\/2&#8243;] \n \n          <div class='poly_custom-4 hover-image wpb_content_element  vc_align_left'>\n            <div class='module-inner' style='width:100%;'>\n              \n              \n                <div class='module-image'>\n                  <img class=\"image-inner \" src=\"http:\/\/hasanagcadershaneleri.com\/wp-content\/uploads\/2018\/07\/klj1923-1-500x370.jpeg\" width=\"500\" height=\"370\" alt=\"klj1923\" title=\"klj1923\" \/>\n                <\/div>\n              \n\n              <div class='module-content'  style=''>\n                <div class='content-inner'>\n                  \n                  KOLEJ 1923<\/p>\n<div class=\"su-divider su-divider-style-default\" style=\"margin:15px 0;border-width:1px;border-color:#999999\"><\/div>\n<p>Market de\u011fil, &#8220;OKUL&#8221;<\/p>\n<p>Kolej 1923 Ortaokulu<br \/>\nKad\u0131k\u00f6y&#8217; de a\u00e7\u0131l\u0131yor&#8230;<\/p>\n<p><a href=\"http:\/\/www.kolej1923.com\/\" target=\"_blank\" rel=\"noopener\">Detayl\u0131 bilgi i\u00e7in t\u0131klay\u0131n\u0131z<\/a>\n                <\/div>\n              <\/div>\n              \n              <div class='module-background' style='background-color:#26516a; opacity:0.9'>\n              <\/div>\n\n              <div class='pb_transitions'>\n                <div class='pb_css'>\n                <style>\n                      html:not(.no-csstransitions) .poly_custom-4.hover-image .module-inner .module-content,\n                      html:not(.no-csstransitions) .poly_custom-4.hover-image .module-inner .module-background {\n                        height: 40px;\n                      }\n                      html:not(.no-csstransitions) .poly_custom-4.hover-image .module-inner:hover .module-content, \n                      html:not(.no-csstransitions) .poly_custom-4.hover-image .module-inner:hover .module-background { \n                        height: 100%;\n                      }\n                      \/* #Tablet (Portrait) *\/\n                      @media only screen and (min-width: 768px) and (max-width: 959px) {\n                        html:not(.no-csstransitions) .poly_custom-4.hover-image .module-inner .module-content, \n                        html:not(.no-csstransitions) .poly_custom-4.hover-image .module-inner .module-background {\n                            height: 25px;\n                        }\n                        html:not(.no-csstransitions) .poly_custom-4.hover-image .module-inner:hover .module-content, \n                        html:not(.no-csstransitions) .poly_custom-4.hover-image .module-inner:hover .module-background { \n                          height: 100%;\n                        }\n                      }\n                  <\/style>\n                <\/div>\n                <div class='pb_jquery'>\n                  <input class='start_position' type='text' value='40px' style='display:none;'>\n                      <input class='end_position' type='text' value='100%' style='display:none;'>\n                    <\/div>\n                <\/div>\n\n            <\/div>\n\n      <\/div>\n\n\n   \n \n          <div class='poly_custom-4 hover-image wpb_content_element  vc_align_left'>\n            <div class='module-inner' style='width:100%;'>\n              \n              \n                <div class='module-image'>\n                  <img class=\"image-inner \" src=\"http:\/\/hasanagcadershaneleri.com\/wp-content\/uploads\/2018\/07\/1822063_0_1510292445H0whT-500x770.jpg\" width=\"500\" height=\"770\" alt=\"1822063_0_1510292445H0whT\" title=\"1822063_0_1510292445H0whT\" \/>\n                <\/div>\n              \n\n              <div class='module-content'  style=''>\n                <div class='content-inner'>\n                  \n                  <strong>ATAT\u00dcRK K\u00d6\u015eES\u0130<\/strong><\/p>\n<p><a href=\"http:\/\/hasanagcadershaneleri.com\/?page_id=162\">Detay i\u00e7in t\u0131klay\u0131n\u0131z<\/a>\n                <\/div>\n              <\/div>\n              \n              <div class='module-background' style='background-color:#ffca03; opacity:0.9'>\n              <\/div>\n\n              <div class='pb_transitions'>\n                <div class='pb_css'>\n                <style>\n                      html:not(.no-csstransitions) .poly_custom-4.hover-image .module-inner .module-content,\n                      html:not(.no-csstransitions) .poly_custom-4.hover-image .module-inner .module-background {\n                        height: 40px;\n                      }\n                      html:not(.no-csstransitions) .poly_custom-4.hover-image .module-inner:hover .module-content, \n                      html:not(.no-csstransitions) .poly_custom-4.hover-image .module-inner:hover .module-background { \n                        height: 100%;\n                      }\n                      \/* #Tablet (Portrait) *\/\n                      @media only screen and (min-width: 768px) and (max-width: 959px) {\n                        html:not(.no-csstransitions) .poly_custom-4.hover-image .module-inner .module-content, \n                        html:not(.no-csstransitions) .poly_custom-4.hover-image .module-inner .module-background {\n                            height: 25px;\n                        }\n                        html:not(.no-csstransitions) .poly_custom-4.hover-image .module-inner:hover .module-content, \n                        html:not(.no-csstransitions) .poly_custom-4.hover-image .module-inner:hover .module-background { \n                          height: 100%;\n                        }\n                      }\n                  <\/style>\n                <\/div>\n                <div class='pb_jquery'>\n                  <input class='start_position' type='text' value='40px' style='display:none;'>\n                      <input class='end_position' type='text' value='100%' style='display:none;'>\n                    <\/div>\n                <\/div>\n\n            <\/div>\n\n      <\/div>\n\n\n  [\/vc_column_inner][\/vc_row_inner][\/vc_column][\/vc_row]\n","protected":false},"excerpt":{"rendered":"<p>[vc_row gap=&#8221;3&#8243;][vc_column][rev_slider_vc alias=&#8221;ma1&#8243;][\/vc_column][\/vc_row][vc_row css_animation=&#8221;fadeInUp&#8221;][vc_column width=&#8221;1\/2&#8243;][vc_row_inner][vc_column_inner][\/vc_column_inner][\/vc_row_inner][vc_row_inner css=&#8221;.vc_custom_1532101365374{margin-top: -35px !important;}&#8221;][vc_column_inner width=&#8221;1\/2&#8243;][\/vc_column_inner][vc_column_inner width=&#8221;1\/2&#8243;][\/vc_column_inner][\/vc_row_inner][\/vc_column][vc_column width=&#8221;1\/2&#8243;][vc_row_inner equal_height=&#8221;yes&#8221; el_id=&#8221;55&#8243;][vc_column_inner width=&#8221;1\/2&#8243;][\/vc_column_inner][vc_column_inner width=&#8221;1\/2&#8243;][\/vc_column_inner][\/vc_row_inner][\/vc_column][\/vc_row]<\/p>\n","protected":false},"author":1,"featured_media":0,"parent":0,"menu_order":0,"comment_status":"closed","ping_status":"closed","template":"","meta":[],"_links":{"self":[{"href":"http:\/\/hasanagcadershaneleri.com\/index.php?rest_route=\/wp\/v2\/pages\/7"}],"collection":[{"href":"http:\/\/hasanagcadershaneleri.com\/index.php?rest_route=\/wp\/v2\/pages"}],"about":[{"href":"http:\/\/hasanagcadershaneleri.com\/index.php?rest_route=\/wp\/v2\/types\/page"}],"author":[{"embeddable":true,"href":"http:\/\/hasanagcadershaneleri.com\/index.php?rest_route=\/wp\/v2\/users\/1"}],"replies":[{"embeddable":true,"href":"http:\/\/hasanagcadershaneleri.com\/index.php?rest_route=%2Fwp%2Fv2%2Fcomments&post=7"}],"version-history":[{"count":141,"href":"http:\/\/hasanagcadershaneleri.com\/index.php?rest_route=\/wp\/v2\/pages\/7\/revisions"}],"predecessor-version":[{"id":661,"href":"http:\/\/hasanagcadershaneleri.com\/index.php?rest_route=\/wp\/v2\/pages\/7\/revisions\/661"}],"wp:attachment":[{"href":"http:\/\/hasanagcadershaneleri.com\/index.php?rest_route=%2Fwp%2Fv2%2Fmedia&parent=7"}],"curies":[{"name":"wp","href":"https:\/\/api.w.org\/{rel}","templated":true}]}}