{"id":289,"date":"2018-08-08T15:54:05","date_gmt":"2018-08-08T15:54:05","guid":{"rendered":"http:\/\/deneme.hasanagcadershaneleri.com\/?page_id=289"},"modified":"2018-08-10T21:40:49","modified_gmt":"2018-08-10T21:40:49","slug":"sozleri","status":"publish","type":"page","link":"http:\/\/hasanagcadershaneleri.com\/?page_id=289","title":{"rendered":"s\u00f6zleri"},"content":{"rendered":"[vc_row][vc_column][vc_message css_animation=&#8221;fadeInUp&#8221;]\n<ul>\n<li>E\u011fitimdir ki bir ulusu ya \u00f6zg\u00fcr, ba\u011f\u0131ms\u0131z, \u015fanl\u0131, y\u00fcksek bir toplum olarak ya\u015fat\u0131r ya da tutsakl\u0131\u011fa ve d\u00fc\u015fk\u00fcnl\u00fc\u011fe s\u00fcr\u00fckler.<\/li>\n<li>Milletleri kurtaranlar yaln\u0131z ve ancak \u00f6\u011fretmenlerdir.<\/li>\n<li>Biz T\u00fcrkler b\u00fct\u00fcn tarihi hayat\u0131m\u0131zda h\u00fcrriyet ve istiklale \u00f6rnek olmu\u015f bir milletiz.<\/li>\n<li>Ulusa hizmet etmek i\u00e7in en do\u011fru y\u00f6ntem, t\u00fcrl\u00fc yapmac\u0131k g\u00f6steri\u015ften vazge\u00e7ip, ancak ulusun yan\u0131nda bulunmakta manevi \u00f6d\u00fcl\u00fc maddi \u00f6d\u00fcle ye\u011flemektir.<\/li>\n<li>Sanat g\u00fczelli\u011fin anlat\u0131m\u0131d\u0131r. Bu anlat\u0131m s\u00f6zle olursa \u015fiir; sesle olursa m\u00fczik; resimle olursa ressaml\u0131k; oyma ile olursa heykelcilik; bina ile olursa mimarl\u0131k olur.<\/li>\n<li>Sanats\u0131z kalan bir ulusun ya\u015fam damarlar\u0131ndan biri kopmu\u015f demektir.<\/li>\n<li>Ey y\u00fckselen yeni nesil, gelecek sizsiniz, Cumhuriyet\u2019i biz kurduk, siz devam edeceksiniz.<\/li>\n<li>\u00d6\u011fretmenler, Cumhuriyet sizden fikri h\u00fcr, vicdan\u0131 h\u00fcr, irfan\u0131 h\u00fcr nesiller ister.<\/li>\n<li>Cumhuriyet; d\u00fc\u015f\u00fcn\u00fcr, bilgili, k\u00fclt\u00fcrl\u00fc, sa\u011flam v\u00fccutlu ve y\u00fcksek karakterli koruyucular ister.<\/li>\n<li>H\u00fcrriyet olmayan bir \u00fclkede \u00f6l\u00fcm ve yok olma vard\u0131r. Her ilerlemenin ve kurtulu\u015fun anas\u0131 h\u00fcrriyettir.<\/li>\n<li>Egemenlik verilmez, al\u0131n\u0131r.<\/li>\n<li>Ulusal \u00f6zg\u00fcrl\u00fck, \u00f6yle bir \u0131\u015f\u0131kt\u0131r ki, onun kar\u015f\u0131s\u0131nda zincirler erir, ta\u00e7 ve tahtlar yanar, h\u00fck\u00fcmdarlar mahvolur.<\/li>\n<li>Medeni olmayan milletler, medeni olanlar\u0131n ayaklar\u0131 alt\u0131nda kalmaya mahkumdurlar.<\/li>\n<li>Okul; gen\u00e7 kafalara, insanl\u0131\u011f\u0131, sayg\u0131y\u0131, millet ve memleket sevgisi, ba\u011f\u0131ms\u0131zl\u0131k \u015ferefini \u00f6\u011fretir.<\/li>\n<li>Y\u00fckselen T\u00fcrk, senin i\u00e7in y\u00fcksekli\u011fin hududu yoktur.<\/li>\n<li>Hayatta en ger\u00e7ek yol g\u00f6sterici ilimdir, fendir.<\/li>\n<li>Yaln\u0131z tek \u015feye ihtiyac\u0131m\u0131z vard\u0131r: \u00c7al\u0131\u015fkan olmak. Servet ve onun tabii neticesi olan refah ve saadet yaln\u0131z ve ancak \u00e7al\u0131\u015fkanlar\u0131n hakk\u0131d\u0131r.<\/li>\n<li>Cumhuriyet, ahlak \u00fcst\u00fcnl\u00fc\u011f\u00fcne dayanan bir \u00fclk\u00fcd\u00fcr. Cumhuriyet bir erdemdir.<\/li>\n<li>\u00d6zg\u00fcrl\u00fck ve ba\u011f\u0131ms\u0131zl\u0131k benim karakterimdir.<\/li>\n<li>Siyaset ve askerlik alan\u0131ndaki zaferler, ne kadar b\u00fcy\u00fck olursa olsunlar, ekonomik kazan\u00e7larla ta\u00e7land\u0131r\u0131lmazlarsa, ortaya \u00e7\u0131kan zaferler ayakta kalamaz, tutunamazlar, az zamanda s\u00f6n\u00fcp giderler.<\/li>\n<li>Bir ulusun ba\u015far\u0131s\u0131, mutlaka b\u00fct\u00fcn ulusal g\u00fc\u00e7lerin bir y\u00f6ne y\u00f6neltilmesiyle m\u00fcmk\u00fcnd\u00fcr.<\/li>\n<li>\u00dclkesini, y\u00fcksek ba\u011f\u0131ms\u0131zl\u0131\u011f\u0131n\u0131 korumas\u0131n\u0131 bilen T\u00fcrk ulusu, dilini de yabanc\u0131 diller boyunduru\u011fundan kurtarmal\u0131d\u0131r.<\/li>\n<li>Hepiniz milletvekili olabilirsiniz\u2026 Bakan olabilirsiniz\u2026 Hatta cumhurba\u015fkan\u0131 olabilirsiniz\u2026 Fakat sanat\u00e7\u0131 olamazs\u0131n\u0131z.<\/li>\n<li>Uygarl\u0131k \u00f6yle g\u00fc\u00e7l\u00fc bir \u0131\u015f\u0131kt\u0131r ki, ona ald\u0131rmayanlar\u0131 yakar, yok eder.<\/li>\n<li>Tam ba\u011f\u0131ms\u0131zl\u0131k demek, ku\u015fkusuz siyaset, maliye, ekonomi, adalet, askerlik, k\u00fclt\u00fcr\u2026 gibi her alanda tam ba\u011f\u0131ms\u0131zl\u0131k ve tam \u00f6zg\u00fcrl\u00fck demektir.<\/li>\n<li>Zafer, \u201cZafer benimdir\u201d diyebilenin; ba\u015far\u0131, \u201cBa\u015far\u0131ya ula\u015faca\u011f\u0131m\u201d diye ba\u015flayan\u0131n ve \u201cBa\u015fard\u0131m\u201d diyebilenindir.<\/li>\n<li>Tarih yazmak, tarih yapmak kadar \u00f6nemlidir. Yazan yapana ba\u011fl\u0131 kalmazsa, de\u011fi\u015fmeyen ger\u00e7ek, insanl\u0131\u011f\u0131 \u015fa\u015f\u0131rtacak nitelik al\u0131r.<\/li>\n<li>Gen\u00e7 d\u00fc\u015f\u00fcnceli demek, ger\u00e7ek d\u00fc\u015f\u00fcnceli demektir.<\/li>\n<li>T\u00fcrk kad\u0131n\u0131, d\u00fcnyan\u0131n en ayd\u0131n, en erdemli ve en a\u011f\u0131r kad\u0131n\u0131 olmal\u0131d\u0131r. Beden a\u011f\u0131rl\u0131\u011f\u0131nda de\u011fil; ahlakta, erdemde a\u011f\u0131r, a\u011f\u0131rba\u015fl\u0131 bir kad\u0131n olmal\u0131d\u0131r.<\/li>\n<li>T\u00fcrk dilinin kendi benli\u011fine, asl\u0131ndaki g\u00fczellik ve zenginli\u011fine kavu\u015fmas\u0131 i\u00e7in, b\u00fct\u00fcn devlet \u00f6rg\u00fct\u00fcm\u00fcz\u00fcn dikkatli, ilgili olmas\u0131n\u0131 isteriz.<\/li>\n<li>Ulusal e\u011fitim alan\u0131nda ne pahas\u0131na olursa olsun, tam bir ba\u015far\u0131ya ula\u015fmak gerekir. Kurtulu\u015f, ancak bu yolla olur.<\/li>\n<li>\u00d6\u011fretmenler yeni ku\u015fa\u011f\u0131, Cumhuriyetin \u00f6zverili \u00f6\u011fretmen ve e\u011fitimcileri sizler yeti\u015ftireceksiniz. Yeni ku\u015fak, sizin eseriniz olacakt\u0131r. Eserin de\u011feri, sizin ustal\u0131k ve \u00f6zverinizin derecesiyle orant\u0131l\u0131 bulunacakt\u0131r. Cumhuriyet d\u00fc\u015f\u00fcnce, bilgi ve beden y\u00f6n\u00fcnden g\u00fc\u00e7l\u00fc ve y\u00fcksek karakterli koruyucular ister. Yeni ku\u015fa\u011f\u0131 bu nitelik ve yetenekle yeti\u015ftirmek sizin elinizdedir.<\/li>\n<li>Uygarl\u0131k \u00f6yle g\u00fc\u00e7l\u00fc bir ate\u015ftir ki, ona yabanc\u0131 olanlar\u0131 yakar, yok eder.<\/li>\n<\/ul>\n[\/vc_message][\/vc_column][\/vc_row]\n","protected":false},"excerpt":{"rendered":"<p>[vc_row][vc_column][vc_message css_animation=&#8221;fadeInUp&#8221;] E\u011fitimdir ki bir ulusu ya \u00f6zg\u00fcr, ba\u011f\u0131ms\u0131z, \u015fanl\u0131, y\u00fcksek bir toplum olarak ya\u015fat\u0131r ya da tutsakl\u0131\u011fa ve d\u00fc\u015fk\u00fcnl\u00fc\u011fe s\u00fcr\u00fckler. Milletleri kurtaranlar yaln\u0131z ve ancak \u00f6\u011fretmenlerdir. Biz T\u00fcrkler b\u00fct\u00fcn tarihi hayat\u0131m\u0131zda h\u00fcrriyet ve istiklale \u00f6rnek olmu\u015f bir milletiz. Ulusa hizmet etmek i\u00e7in en do\u011fru y\u00f6ntem, t\u00fcrl\u00fc yapmac\u0131k g\u00f6steri\u015ften vazge\u00e7ip, ancak ulusun yan\u0131nda bulunmakta manevi [&hellip;]<\/p>\n","protected":false},"author":1,"featured_media":0,"parent":162,"menu_order":0,"comment_status":"closed","ping_status":"closed","template":"","meta":[],"_links":{"self":[{"href":"http:\/\/hasanagcadershaneleri.com\/index.php?rest_route=\/wp\/v2\/pages\/289"}],"collection":[{"href":"http:\/\/hasanagcadershaneleri.com\/index.php?rest_route=\/wp\/v2\/pages"}],"about":[{"href":"http:\/\/hasanagcadershaneleri.com\/index.php?rest_route=\/wp\/v2\/types\/page"}],"author":[{"embeddable":true,"href":"http:\/\/hasanagcadershaneleri.com\/index.php?rest_route=\/wp\/v2\/users\/1"}],"replies":[{"embeddable":true,"href":"http:\/\/hasanagcadershaneleri.com\/index.php?rest_route=%2Fwp%2Fv2%2Fcomments&post=289"}],"version-history":[{"count":3,"href":"http:\/\/hasanagcadershaneleri.com\/index.php?rest_route=\/wp\/v2\/pages\/289\/revisions"}],"predecessor-version":[{"id":465,"href":"http:\/\/hasanagcadershaneleri.com\/index.php?rest_route=\/wp\/v2\/pages\/289\/revisions\/465"}],"up":[{"embeddable":true,"href":"http:\/\/hasanagcadershaneleri.com\/index.php?rest_route=\/wp\/v2\/pages\/162"}],"wp:attachment":[{"href":"http:\/\/hasanagcadershaneleri.com\/index.php?rest_route=%2Fwp%2Fv2%2Fmedia&parent=289"}],"curies":[{"name":"wp","href":"https:\/\/api.w.org\/{rel}","templated":true}]}}