{"id":247,"date":"2018-08-08T13:06:32","date_gmt":"2018-08-08T13:06:32","guid":{"rendered":"http:\/\/deneme.hasanagcadershaneleri.com\/?page_id=247"},"modified":"2018-10-03T16:50:14","modified_gmt":"2018-10-03T16:50:14","slug":"basarilarimiz","status":"publish","type":"page","link":"http:\/\/hasanagcadershaneleri.com\/?page_id=247","title":{"rendered":"Ba\u015far\u0131lar\u0131m\u0131z"},"content":{"rendered":"[vc_row][vc_column][vc_tta_accordion c_icon=&#8221;triangle&#8221; active_section=&#8221;&#8221; css_animation=&#8221;fadeInLeft&#8221; collapsible_all=&#8221;true&#8221;][vc_tta_section title=&#8221;Amerikan Robert Koleji &#8221; tab_id=&#8221;1533824555589-7cd8b0a7-6739&#8243;][vc_row_inner][vc_column_inner width=&#8221;1\/3&#8243;][vc_single_image image=&#8221;415&#8243; img_size=&#8221;medium&#8221; css_animation=&#8221;fadeInLeft&#8221;][\/vc_column_inner][vc_column_inner width=&#8221;1\/3&#8243;][vc_column_text css_animation=&#8221;fadeInUp&#8221;]\n<ul>\n<li>Salih Boran Erol<\/li>\n<li>Efe Olgun<\/li>\n<li>\u0130lke Da\u011fl\u0131o\u011flu<\/li>\n<li>Keyan Z\u00fclfari<\/li>\n<li>Nilay \u00d6zg\u00fcr<\/li>\n<li>\u0130pek Erden<\/li>\n<li>Alp Sipahio\u011flu<\/li>\n<li>Ali Ya\u011f\u0131z Erdo\u011fmu\u015f<\/li>\n<li>Or\u00e7un \u00dcnl\u00fc<\/li>\n<li>\u00d6zg\u00fcr Seymen<\/li>\n<li>Mehmet Salargil<\/li>\n<li>Nurhan Adnan SARPER<\/li>\n<\/ul>\n[\/vc_column_text][\/vc_column_inner][vc_column_inner width=&#8221;1\/3&#8243;][vc_column_text css_animation=&#8221;fadeInRight&#8221;]\n<ul>\n<li>Beg\u00fcm A\u011fca<\/li>\n<li>Esranur Ey\u00fcbo\u011flu<\/li>\n<li>Baturay T\u00fcrkmen<\/li>\n<li>An\u0131l \u00d6zder<\/li>\n<li>Mina Ba\u015faran<\/li>\n<li>Muhammed Ba\u015faran<\/li>\n<li>\u00d6yk\u00fc \u00dcner<\/li>\n<li>Cem \u00d6zbek<\/li>\n<li>Hande Altan<\/li>\n<li>Zeynep Karadeniz<\/li>\n<li>Ezgi Melis Aslan<\/li>\n<\/ul>\n[\/vc_column_text][\/vc_column_inner][\/vc_row_inner][\/vc_tta_section][vc_tta_section title=&#8221;Galatasaray Lisesi&#8221; tab_id=&#8221;1533824624313-b6bf0f42-abd7&#8243;][vc_row_inner][vc_column_inner width=&#8221;1\/3&#8243;][vc_single_image image=&#8221;450&#8243; img_size=&#8221;medium&#8221; style=&#8221;vc_box_shadow_3d&#8221; css_animation=&#8221;fadeInLeft&#8221;][\/vc_column_inner][vc_column_inner width=&#8221;1\/3&#8243;][vc_column_text css_animation=&#8221;fadeInUp&#8221;]\n<ul>\n<li>Osman Kutan<\/li>\n<li>Kerem Z\u00fclfikari<\/li>\n<li>Selin G\u00fcrsoy<\/li>\n<li>\u0130rem G\u00fcrkan<\/li>\n<li>Cem \u00d6zbek<\/li>\n<\/ul>\n[\/vc_column_text][\/vc_column_inner][vc_column_inner width=&#8221;1\/3&#8243;][vc_column_text css_animation=&#8221;fadeInRight&#8221;]\n<ul>\n<li>Asl\u0131 Deniz Kuru<\/li>\n<li>Ozan Avc\u0131 Tucer<\/li>\n<li>G\u00fclce G\u00fcrses<\/li>\n<li>Iraz Gedikba\u015f\u0131<\/li>\n<li>Murat Aksoy<\/li>\n<\/ul>\n[\/vc_column_text][\/vc_column_inner][\/vc_row_inner][\/vc_tta_section][vc_tta_section title=&#8221;Alman Lisesi&#8221; tab_id=&#8221;1533824555634-f59f229e-7eed&#8221;][vc_row_inner][vc_column_inner width=&#8221;1\/3&#8243;][vc_single_image image=&#8221;432&#8243; img_size=&#8221;medium&#8221; style=&#8221;vc_box_shadow_3d&#8221; css_animation=&#8221;fadeInLeft&#8221;][\/vc_column_inner][vc_column_inner width=&#8221;1\/3&#8243;][vc_column_text css_animation=&#8221;fadeInUp&#8221;]\n<ul>\n<li>Bilge Ergez<\/li>\n<li>Cansu Soysal<\/li>\n<li>Murat K\u0131nay<\/li>\n<li>\u00d6mer Can G\u00fcrol<\/li>\n<li>Cem Otay<\/li>\n<li>Can \u015een<\/li>\n<li>Okan Sarg\u0131n<\/li>\n<li>Arda Ilgaz<\/li>\n<li>Cem Erc\u00fcment<\/li>\n<li>Robin T\u00fcrkkanl\u0131<\/li>\n<li>Okyanus Paksoy<\/li>\n<\/ul>\n[\/vc_column_text][\/vc_column_inner][vc_column_inner width=&#8221;1\/3&#8243;][vc_column_text css_animation=&#8221;fadeInRight&#8221;]\n<ul>\n<li>Ezgi K\u0131l\u0131n\u00e7<\/li>\n<li>Yi\u011fit Deniz<\/li>\n<li>Esin Karakelleo\u011flu<\/li>\n<li>Kerem Diril<\/li>\n<li>Emir Can \u00dclk\u00fc<\/li>\n<li>S\u0131la Beyza Bekiro\u011flu<\/li>\n<li>Ata \u00d6zoru\u00e7<\/li>\n<li>Do\u011fukan K\u0131r<\/li>\n<li>Ata Narin<\/li>\n<li>Ant Ulusoy<\/li>\n<li>Mina Irmak TEZCAN<\/li>\n<\/ul>\n[\/vc_column_text][\/vc_column_inner][\/vc_row_inner][\/vc_tta_section][vc_tta_section title=&#8221;\u0130stanbul Lisesi &#8221; tab_id=&#8221;1533824626240-cdd78f66-06c1&#8243;][vc_row_inner][vc_column_inner width=&#8221;1\/3&#8243;][vc_single_image image=&#8221;453&#8243; img_size=&#8221;medium&#8221; style=&#8221;vc_box_shadow_3d&#8221; css_animation=&#8221;fadeInLeft&#8221;][\/vc_column_inner][vc_column_inner width=&#8221;1\/3&#8243;][vc_column_text css_animation=&#8221;fadeInUp&#8221;]\n<ul>\n<li>Emre Sivrikoz<\/li>\n<li>Ekin Akku\u015f<\/li>\n<li>Nazl\u0131 Y\u00fccat<\/li>\n<li>Yasemin Bur\u00e7ak<\/li>\n<li>Tuna Pehlivano\u011flu<\/li>\n<li>\u0130rfan Oymagil<\/li>\n<\/ul>\n[\/vc_column_text][\/vc_column_inner][vc_column_inner width=&#8221;1\/3&#8243;][vc_column_text css_animation=&#8221;fadeInRight&#8221;]\n<ul>\n<li>Ercan Kaan \u00c7abuk<\/li>\n<li>Canda\u015f Akka\u015f<\/li>\n<li>Kayra Asi<\/li>\n<li>Can \u00d6zbek<\/li>\n<li>Ceyda Nur \u015eengiz<\/li>\n<\/ul>\n[\/vc_column_text][\/vc_column_inner][\/vc_row_inner][\/vc_tta_section][vc_tta_section title=&#8221;\u00dcsk\u00fcdar Amerikan Koleji&#8221; tab_id=&#8221;1533824627985-16453c30-3a7c&#8221;][vc_row_inner][vc_column_inner width=&#8221;1\/3&#8243;][vc_single_image image=&#8221;455&#8243; img_size=&#8221;medium&#8221; style=&#8221;vc_box_shadow_3d&#8221; css_animation=&#8221;fadeInLeft&#8221;][\/vc_column_inner][vc_column_inner width=&#8221;1\/3&#8243;][vc_column_text css_animation=&#8221;fadeInUp&#8221;]\n<ul>\n<li>Sarp Kalkan<\/li>\n<li>Lara Dedeo\u011flu<\/li>\n<li>Yaprak A\u011fca<\/li>\n<li>G\u00fcliz Y\u00fcrekli<\/li>\n<li>Batuhan Akay<\/li>\n<li>Sinan Germirli<\/li>\n<li>Yi\u011fit T\u0131rpan\u00e7eker<\/li>\n<li>Dorukhan Tarman<\/li>\n<li>Efe Tarman<\/li>\n<li>O\u011fuzhan \u00d6ncel<\/li>\n<li>G\u00fcne\u015f Mumcuo\u011flu<\/li>\n<li>Aleyna Had\u0131mo\u011flu<\/li>\n<\/ul>\n[\/vc_column_text][\/vc_column_inner][vc_column_inner width=&#8221;1\/3&#8243;][vc_column_text css_animation=&#8221;fadeInRight&#8221;]\n<ul>\n<li>\u00c7a\u011f\u0131n Canbeyli<\/li>\n<li>\u00d6yk\u00fc Barlas<\/li>\n<li>Alp Sad\u0131ki<\/li>\n<li>Doruk Emre<\/li>\n<li>Efe \u00d6zye\u015fil<\/li>\n<li>G\u00fclnaz \u00f6r<\/li>\n<li>Ali Berk Co\u015fkuntuna<\/li>\n<li>Berk \u00d6zl\u00fc<\/li>\n<li>G\u00f6zde \u00d6zler<\/li>\n<li>Alp Kocaba\u015f<\/li>\n<li>Alp Gruder<\/li>\n<li>Mert YAL\u00c7IN<\/li>\n<\/ul>\n[\/vc_column_text][\/vc_column_inner][\/vc_row_inner][\/vc_tta_section][vc_tta_section title=&#8221;\u00d6zel Ko\u00e7 Lisesi&#8221; tab_id=&#8221;1533824629048-712d9abc-5896&#8243;][vc_row_inner][vc_column_inner width=&#8221;1\/3&#8243;][vc_single_image image=&#8221;457&#8243; img_size=&#8221;medium&#8221; style=&#8221;vc_box_shadow_3d&#8221; css_animation=&#8221;fadeInLeft&#8221;][\/vc_column_inner][vc_column_inner width=&#8221;1\/3&#8243;][vc_column_text css_animation=&#8221;fadeInUp&#8221;]\n<ul>\n<li>Bora Da\u011fl\u0131o\u011flugil<\/li>\n<li>Arno Erol<\/li>\n<li>Deniz \u00d6ktem<\/li>\n<li>Tolga Serim<\/li>\n<li>Duruhan \u00f6z\u00e7elik<\/li>\n<li>\u00d6zcan DEM\u0130RTA\u015e<\/li>\n<\/ul>\n[\/vc_column_text][\/vc_column_inner][vc_column_inner width=&#8221;1\/3&#8243;][vc_column_text css_animation=&#8221;fadeInRight&#8221;]\n<ul>\n<li>Irmak \u00d6z\u00e7elik<\/li>\n<li>Sedef Kunter<\/li>\n<li>Batu \u00d6nc\u00fcl<\/li>\n<li>Egemen Erdo\u011fan<\/li>\n<li>Nil Selen Ayd\u0131n<\/li>\n<\/ul>\n[\/vc_column_text][\/vc_column_inner][\/vc_row_inner][\/vc_tta_section][vc_tta_section title=&#8221;Kad\u0131k\u00f6y Anadolu Lisesi&#8221; tab_id=&#8221;1533825508204-fd5eaa25-cc5f&#8221;][vc_row_inner][vc_column_inner width=&#8221;1\/3&#8243;][vc_single_image image=&#8221;478&#8243; img_size=&#8221;medium&#8221; style=&#8221;vc_box_shadow_3d&#8221; css_animation=&#8221;fadeInLeft&#8221;][\/vc_column_inner][vc_column_inner width=&#8221;1\/3&#8243;][vc_column_text]\n<ul>\n<li>Arda T\u0130BER<\/li>\n<li>Sel\u00e7uk \u0130\u015eER\u0130<\/li>\n<\/ul>\n[\/vc_column_text][\/vc_column_inner][vc_column_inner width=&#8221;1\/3&#8243;][\/vc_column_inner][\/vc_row_inner][\/vc_tta_section][vc_tta_section title=&#8221;S.G. Avusturya Lisesi&#8221; tab_id=&#8221;1533825563611-f149fc33-4ce3&#8243;][vc_row_inner][vc_column_inner width=&#8221;1\/3&#8243;][vc_single_image image=&#8221;459&#8243; img_size=&#8221;medium&#8221; style=&#8221;vc_box_shadow_3d&#8221; css_animation=&#8221;fadeInLeft&#8221;][\/vc_column_inner][vc_column_inner width=&#8221;1\/3&#8243;][vc_column_text css_animation=&#8221;fadeInUp&#8221;]\n<ul>\n<li>Uzay Cambaz<\/li>\n<li>\u00d6yk\u00fc Sevim<\/li>\n<li>Merve Yanar<\/li>\n<li>An\u0131l Tuncay<\/li>\n<li>\u00d6mer Bilgin<\/li>\n<li>Serdar S\u0131k\u00e7a<\/li>\n<\/ul>\n[\/vc_column_text][\/vc_column_inner][vc_column_inner width=&#8221;1\/3&#8243;][vc_column_text css_animation=&#8221;fadeInRight&#8221;]\n<ul>\n<li>Can \u00c7ak\u0131r<\/li>\n<li>Rudi Bodoso\u011flu<\/li>\n<li>Ece Ege Yazgan<\/li>\n<li>Ali Kerem Atalay<\/li>\n<li>Cem \u00d6zbey<\/li>\n<li>Ilgaz \u00c7\u0131lg\u0131n<\/li>\n<\/ul>\n[\/vc_column_text][\/vc_column_inner][\/vc_row_inner][\/vc_tta_section][vc_tta_section title=&#8221;St. Joseph Frans\u0131z Lisesi&#8221; tab_id=&#8221;1533825588357-81027380-f730&#8243;][vc_row_inner][vc_column_inner width=&#8221;1\/3&#8243;][vc_single_image image=&#8221;461&#8243; img_size=&#8221;medium&#8221; style=&#8221;vc_box_shadow_3d&#8221; css_animation=&#8221;fadeInLeft&#8221;][\/vc_column_inner][vc_column_inner width=&#8221;1\/3&#8243;][vc_column_text css_animation=&#8221;fadeInUp&#8221;]\n<ul>\n<li>Ege Kurna<\/li>\n<li>Ege Serts\u00f6z<\/li>\n<li>Lal Diltemiz<\/li>\n<li>G\u00f6ktu\u011f Arda G\u00f6\u00e7<\/li>\n<li>Ezgi Aslanpay<\/li>\n<li>Seray Karaalp<\/li>\n<li>Nehir EROL<\/li>\n<li>Esma SEZAR<\/li>\n<\/ul>\n[\/vc_column_text][\/vc_column_inner][vc_column_inner width=&#8221;1\/3&#8243;][vc_column_text css_animation=&#8221;fadeInRight&#8221;]\n<ul>\n<li>Hazal \u00c7\u00f6mez<\/li>\n<li>Dilara \u00c7ebi<\/li>\n<li>P\u0131nar Y\u00fccel<\/li>\n<li>Arda Yener<\/li>\n<li>Sinan \u00c7ak\u0131rkaya<\/li>\n<li>Yank\u0131 Kulak\u00e7\u0131<\/li>\n<li>Ya\u011fmur HASO\u011eLU<\/li>\n<\/ul>\n[\/vc_column_text][\/vc_column_inner][\/vc_row_inner][\/vc_tta_section][vc_tta_section title=&#8221;Notre Dame De Sion Frans\u0131z Lisesi&#8221; tab_id=&#8221;1533825606347-26ddbbae-24fd&#8221;][vc_row_inner][vc_column_inner width=&#8221;1\/3&#8243;][vc_single_image image=&#8221;479&#8243; img_size=&#8221;medium&#8221; style=&#8221;vc_box_shadow_3d&#8221; css_animation=&#8221;fadeInLeft&#8221;][\/vc_column_inner][vc_column_inner width=&#8221;1\/3&#8243;][vc_column_text]\n<ul>\n<li>Burak KUNUR<\/li>\n<li>Esma SEZER<\/li>\n<\/ul>\n[\/vc_column_text][\/vc_column_inner][vc_column_inner width=&#8221;1\/3&#8243;][\/vc_column_inner][\/vc_row_inner][\/vc_tta_section][vc_tta_section title=&#8221;Kabata\u015f Erkek Lisesi&#8221; tab_id=&#8221;1538584527169-66739099-9bac&#8221;][vc_row_inner][vc_column_inner width=&#8221;1\/3&#8243;][vc_single_image image=&#8221;476&#8243; img_size=&#8221;medium&#8221; style=&#8221;vc_box_shadow_3d&#8221; css_animation=&#8221;fadeInLeft&#8221;][\/vc_column_inner][vc_column_inner width=&#8221;1\/3&#8243;][vc_column_text]\n<ul>\n<li>Erdem SACAN<\/li>\n<\/ul>\n[\/vc_column_text][\/vc_column_inner][vc_column_inner width=&#8221;1\/3&#8243;][\/vc_column_inner][\/vc_row_inner][\/vc_tta_section][\/vc_tta_accordion][\/vc_column][\/vc_row]\n","protected":false},"excerpt":{"rendered":"<p>[vc_row][vc_column][vc_tta_accordion c_icon=&#8221;triangle&#8221; active_section=&#8221;&#8221; css_animation=&#8221;fadeInLeft&#8221; collapsible_all=&#8221;true&#8221;][vc_tta_section title=&#8221;Amerikan Robert Koleji &#8221; tab_id=&#8221;1533824555589-7cd8b0a7-6739&#8243;][vc_row_inner][vc_column_inner width=&#8221;1\/3&#8243;][vc_single_image image=&#8221;415&#8243; img_size=&#8221;medium&#8221; css_animation=&#8221;fadeInLeft&#8221;][\/vc_column_inner][vc_column_inner width=&#8221;1\/3&#8243;][vc_column_text css_animation=&#8221;fadeInUp&#8221;] Salih Boran Erol Efe Olgun \u0130lke Da\u011fl\u0131o\u011flu Keyan Z\u00fclfari Nilay \u00d6zg\u00fcr \u0130pek Erden Alp Sipahio\u011flu Ali Ya\u011f\u0131z Erdo\u011fmu\u015f Or\u00e7un \u00dcnl\u00fc \u00d6zg\u00fcr Seymen Mehmet Salargil Nurhan Adnan SARPER [\/vc_column_text][\/vc_column_inner][vc_column_inner width=&#8221;1\/3&#8243;][vc_column_text css_animation=&#8221;fadeInRight&#8221;] Beg\u00fcm A\u011fca Esranur Ey\u00fcbo\u011flu Baturay T\u00fcrkmen An\u0131l \u00d6zder Mina [&hellip;]<\/p>\n","protected":false},"author":1,"featured_media":0,"parent":0,"menu_order":0,"comment_status":"closed","ping_status":"closed","template":"","meta":[],"_links":{"self":[{"href":"http:\/\/hasanagcadershaneleri.com\/index.php?rest_route=\/wp\/v2\/pages\/247"}],"collection":[{"href":"http:\/\/hasanagcadershaneleri.com\/index.php?rest_route=\/wp\/v2\/pages"}],"about":[{"href":"http:\/\/hasanagcadershaneleri.com\/index.php?rest_route=\/wp\/v2\/types\/page"}],"author":[{"embeddable":true,"href":"http:\/\/hasanagcadershaneleri.com\/index.php?rest_route=\/wp\/v2\/users\/1"}],"replies":[{"embeddable":true,"href":"http:\/\/hasanagcadershaneleri.com\/index.php?rest_route=%2Fwp%2Fv2%2Fcomments&post=247"}],"version-history":[{"count":25,"href":"http:\/\/hasanagcadershaneleri.com\/index.php?rest_route=\/wp\/v2\/pages\/247\/revisions"}],"predecessor-version":[{"id":480,"href":"http:\/\/hasanagcadershaneleri.com\/index.php?rest_route=\/wp\/v2\/pages\/247\/revisions\/480"}],"wp:attachment":[{"href":"http:\/\/hasanagcadershaneleri.com\/index.php?rest_route=%2Fwp%2Fv2%2Fmedia&parent=247"}],"curies":[{"name":"wp","href":"https:\/\/api.w.org\/{rel}","templated":true}]}}