{"id":221,"date":"2018-08-08T12:13:26","date_gmt":"2018-08-08T12:13:26","guid":{"rendered":"http:\/\/deneme.hasanagcadershaneleri.com\/?page_id=221"},"modified":"2018-08-08T12:15:04","modified_gmt":"2018-08-08T12:15:04","slug":"hakkimizda","status":"publish","type":"page","link":"http:\/\/hasanagcadershaneleri.com\/?page_id=221","title":{"rendered":"Hakk\u0131m\u0131zda"},"content":{"rendered":"[vc_row][vc_column width=&#8221;1\/4&#8243;][vc_single_image image=&#8221;222&#8243; img_size=&#8221;large&#8221; style=&#8221;vc_box_shadow_3d&#8221; css_animation=&#8221;fadeInLeft&#8221;][\/vc_column][vc_column width=&#8221;3\/4&#8243;][vc_column_text css_animation=&#8221;fadeInRight&#8221;]1982 y\u0131l\u0131ndan itibaren birebir \u00f6zel ders ve grup dersleri vererek y\u00fczlerce \u00f6\u011frenciye T\u00fcrkiye\u2019nin en se\u00e7kin Anadolu Liseleri ile \u00d6zel Yabanc\u0131 Kolejlerini kazand\u0131r\u0131p, T\u00fcrkiye dereceleri yapt\u0131rd\u0131m. Ayn\u0131 y\u0131llarda Galatasaray Lisesinin hafta sonu kurslar\u0131nda test y\u00f6netmeni, Milliyet ve G\u00fcne\u015f gazetelerinde ise Anadolu Liseleri s\u0131navlar\u0131n\u0131n cevap anahtar\u0131n\u0131 haz\u0131rlayan kadroda uzman \u00f6\u011fretmen olarak g\u00f6rev ald\u0131m. Bu s\u00fcre\u00e7te ders verdi\u011fim y\u00fczlerce \u00f6\u011frencide mevcut dershane modelinin yaratt\u0131\u011f\u0131 eksiklikleri, olumsuzluklar\u0131, yanl\u0131\u015f\u00a0 \u00f6l\u00e7me sonu\u00e7lar\u0131n\u0131 g\u00f6zlemledim; e\u011fitim ve \u00f6\u011fretimin toptanc\u0131 ticari bir anlay\u0131\u015fla yap\u0131lmad\u0131\u011f\u0131, her \u00f6\u011frencinin \u00f6\u011frenme stilinin saptand\u0131\u011f\u0131, ki\u015fiye \u00f6zg\u00fc \u00f6\u011fretim modelinin uyguland\u0131\u011f\u0131 dershanemizi 2003 y\u0131l\u0131nda a\u00e7maya karar verdim.<\/p>\n<p>Ba\u015far\u0131l\u0131 bir \u00f6\u011fretmenlik ge\u00e7mi\u015fimi kurumsal kimlikle b\u00fct\u00fcnle\u015ftirip ve alan\u0131n en iyisi, en ba\u015far\u0131l\u0131s\u0131 ve en \u00f6zg\u00fcn\u00fc olmak i\u00e7in ilkeli olmay\u0131, se\u00e7ici davranmay\u0131 ve kaliteyi ama\u00e7 edindim.<\/p>\n<p>Dershanemiz gerek kurucusu ve kurulu\u015f amac\u0131 gerekse deneyim, g\u00f6zlem, de\u011ferlendirme ve birikimi ile bu misyon ve vizyona sahip olamayan hi\u00e7bir dershane ile kar\u015f\u0131la\u015ft\u0131r\u0131lamaz.<\/p>\n<p>Dershanemizde her \u00f6\u011frenciyi tan\u0131yan ve onlarla ilgilenmeyi zevk sayan, d\u00fcnyadaki geli\u015fmeleri takip eden, kar\u015f\u0131la\u015ft\u0131\u011f\u0131 g\u00fc\u00e7l\u00fcklerden y\u0131lmayan, eme\u011fi s\u00f6m\u00fcr\u00fclmeyen, alan\u0131n\u0131n en etkin \u00f6\u011fretmenleri &#8220;<strong>do\u011fru hedefler koyan<\/strong>&#8220;, &#8220;<strong>ne istedi\u011fini bilen<\/strong>&#8220;, &#8220;<strong>hedefe odaklanan<\/strong>&#8221; bir sorumlulukla T\u00fcrkiye\u2019nin en ba\u015far\u0131l\u0131 \u00f6\u011frencilerini yeti\u015ftirmenin heyecan\u0131n\u0131 duymaktad\u0131r.<\/p>\n<p>Say\u0131sal verilere bak\u0131ld\u0131\u011f\u0131nda \u0130stanbul genelinde son 10 y\u0131l\u0131n LGS, OKS ve SBS s\u0131navlar\u0131nda 100 soruda en \u00e7ok 25 netin yap\u0131labildi\u011fi, her 100 \u00f6\u011frenciden ancak 5\u2019nin Anadolu Lisesi kazanma \u015fans\u0131n\u0131n oldu\u011fu g\u00f6r\u00fclmektedir. Bu a\u00e7\u0131dan bak\u0131ld\u0131\u011f\u0131nda bireysel ve kurumsal olarak her y\u0131l %90&#8217;n\u0131n \u00fczerinde ba\u015far\u0131y\u0131 yakalayan ilk ve tek dershanedir.<\/p>\n<p>Ben ve t\u00fcm \u00e7al\u0131\u015fanlar\u0131m gerek ki\u015fisel disiplinimiz gerekse b\u00fct\u00fcn s\u00fcreci kontrol eden enerjimiz ile b\u00fct\u00fcn d\u00fcnyay\u0131 anlayan ayd\u0131nl\u0131k T\u00fcrkiye\u2019nin Atat\u00fcrk\u00e7\u00fc, \u00e7a\u011fda\u015f, laik, ilerici gen\u00e7lerinin geleceklerini tahmin etmiyor onlar\u0131 yaratmaya \u00e7al\u0131\u015f\u0131yoruz.<\/p>\n<div style=\"text-align: right;\">\n<p>Sayg\u0131 ve Sevgilerimle<\/p>\n<p>Hasan A\u011eCA<br \/>\nKurucu<\/p>\n<\/div>\n[\/vc_column_text][\/vc_column][\/vc_row]\n","protected":false},"excerpt":{"rendered":"<p>[vc_row][vc_column width=&#8221;1\/4&#8243;][vc_single_image image=&#8221;222&#8243; img_size=&#8221;large&#8221; style=&#8221;vc_box_shadow_3d&#8221; css_animation=&#8221;fadeInLeft&#8221;][\/vc_column][vc_column width=&#8221;3\/4&#8243;][vc_column_text css_animation=&#8221;fadeInRight&#8221;]1982 y\u0131l\u0131ndan itibaren birebir \u00f6zel ders ve grup dersleri vererek y\u00fczlerce \u00f6\u011frenciye T\u00fcrkiye\u2019nin en se\u00e7kin Anadolu Liseleri ile \u00d6zel Yabanc\u0131 Kolejlerini kazand\u0131r\u0131p, T\u00fcrkiye dereceleri yapt\u0131rd\u0131m. Ayn\u0131 y\u0131llarda Galatasaray Lisesinin hafta sonu kurslar\u0131nda test y\u00f6netmeni, Milliyet ve G\u00fcne\u015f gazetelerinde ise Anadolu Liseleri s\u0131navlar\u0131n\u0131n cevap anahtar\u0131n\u0131 haz\u0131rlayan kadroda uzman \u00f6\u011fretmen [&hellip;]<\/p>\n","protected":false},"author":1,"featured_media":0,"parent":0,"menu_order":0,"comment_status":"closed","ping_status":"closed","template":"","meta":[],"_links":{"self":[{"href":"http:\/\/hasanagcadershaneleri.com\/index.php?rest_route=\/wp\/v2\/pages\/221"}],"collection":[{"href":"http:\/\/hasanagcadershaneleri.com\/index.php?rest_route=\/wp\/v2\/pages"}],"about":[{"href":"http:\/\/hasanagcadershaneleri.com\/index.php?rest_route=\/wp\/v2\/types\/page"}],"author":[{"embeddable":true,"href":"http:\/\/hasanagcadershaneleri.com\/index.php?rest_route=\/wp\/v2\/users\/1"}],"replies":[{"embeddable":true,"href":"http:\/\/hasanagcadershaneleri.com\/index.php?rest_route=%2Fwp%2Fv2%2Fcomments&post=221"}],"version-history":[{"count":2,"href":"http:\/\/hasanagcadershaneleri.com\/index.php?rest_route=\/wp\/v2\/pages\/221\/revisions"}],"predecessor-version":[{"id":225,"href":"http:\/\/hasanagcadershaneleri.com\/index.php?rest_route=\/wp\/v2\/pages\/221\/revisions\/225"}],"wp:attachment":[{"href":"http:\/\/hasanagcadershaneleri.com\/index.php?rest_route=%2Fwp%2Fv2%2Fmedia&parent=221"}],"curies":[{"name":"wp","href":"https:\/\/api.w.org\/{rel}","templated":true}]}}