{"id":162,"date":"2018-07-20T17:10:18","date_gmt":"2018-07-20T17:10:18","guid":{"rendered":"http:\/\/deneme.hasanagcadershaneleri.com\/?page_id=162"},"modified":"2018-08-10T21:38:30","modified_gmt":"2018-08-10T21:38:30","slug":"ataturk-kosesi","status":"publish","type":"page","link":"http:\/\/hasanagcadershaneleri.com\/?page_id=162","title":{"rendered":"Atat\u00fcrk K\u00f6\u015fesi"},"content":{"rendered":"[vc_row][vc_column width=&#8221;1\/3&#8243;][vc_hoverbox image=&#8221;171&#8243; primary_title=&#8221;&#8221; hover_title=&#8221;&#8221; css_animation=&#8221;fadeInRight&#8221;]<a href=\"http:\/\/hasanagcadershaneleri.com\/?page_id=289\"><img decoding=\"async\" loading=\"lazy\" class=\"alignnone wp-image-171 size-medium\" src=\"http:\/\/hasanagcadershaneleri.com\/wp-content\/uploads\/2018\/07\/soz-300x214.jpg\" alt=\"\" width=\"300\" height=\"214\" srcset=\"http:\/\/hasanagcadershaneleri.com\/wp-content\/uploads\/2018\/07\/soz-300x214.jpg 300w, http:\/\/hasanagcadershaneleri.com\/wp-content\/uploads\/2018\/07\/soz-280x200.jpg 280w, http:\/\/hasanagcadershaneleri.com\/wp-content\/uploads\/2018\/07\/soz-82x59.jpg 82w, http:\/\/hasanagcadershaneleri.com\/wp-content\/uploads\/2018\/07\/soz-100x71.jpg 100w, http:\/\/hasanagcadershaneleri.com\/wp-content\/uploads\/2018\/07\/soz-156x111.jpg 156w, http:\/\/hasanagcadershaneleri.com\/wp-content\/uploads\/2018\/07\/soz-600x429.jpg 600w, http:\/\/hasanagcadershaneleri.com\/wp-content\/uploads\/2018\/07\/soz.jpg 700w\" sizes=\"(max-width: 300px) 100vw, 300px\" \/><\/a>[\/vc_hoverbox][\/vc_column][vc_column width=&#8221;1\/3&#8243;][vc_hoverbox image=&#8221;174&#8243; primary_title=&#8221;&#8221; hover_title=&#8221;&#8221;]<a href=\"http:\/\/hasanagcadershaneleri.com\/?page_id=292\"><img decoding=\"async\" loading=\"lazy\" class=\"alignnone wp-image-174 size-medium\" src=\"http:\/\/hasanagcadershaneleri.com\/wp-content\/uploads\/2018\/07\/biografi-300x214.jpg\" alt=\"\" width=\"300\" height=\"214\" srcset=\"http:\/\/hasanagcadershaneleri.com\/wp-content\/uploads\/2018\/07\/biografi-300x214.jpg 300w, http:\/\/hasanagcadershaneleri.com\/wp-content\/uploads\/2018\/07\/biografi-280x200.jpg 280w, http:\/\/hasanagcadershaneleri.com\/wp-content\/uploads\/2018\/07\/biografi-82x59.jpg 82w, http:\/\/hasanagcadershaneleri.com\/wp-content\/uploads\/2018\/07\/biografi-100x71.jpg 100w, http:\/\/hasanagcadershaneleri.com\/wp-content\/uploads\/2018\/07\/biografi-156x111.jpg 156w, http:\/\/hasanagcadershaneleri.com\/wp-content\/uploads\/2018\/07\/biografi-600x429.jpg 600w, http:\/\/hasanagcadershaneleri.com\/wp-content\/uploads\/2018\/07\/biografi.jpg 700w\" sizes=\"(max-width: 300px) 100vw, 300px\" \/><\/a>[\/vc_hoverbox][\/vc_column][vc_column width=&#8221;1\/3&#8243;][vc_hoverbox image=&#8221;175&#8243; primary_title=&#8221;&#8221; hover_title=&#8221;&#8221;]<a href=\"http:\/\/hasanagcadershaneleri.com\/?page_id=296\"><img decoding=\"async\" loading=\"lazy\" class=\"alignnone wp-image-175 size-medium\" src=\"http:\/\/hasanagcadershaneleri.com\/wp-content\/uploads\/2018\/07\/foto-300x214.jpg\" alt=\"\" width=\"300\" height=\"214\" srcset=\"http:\/\/hasanagcadershaneleri.com\/wp-content\/uploads\/2018\/07\/foto-300x214.jpg 300w, http:\/\/hasanagcadershaneleri.com\/wp-content\/uploads\/2018\/07\/foto-280x200.jpg 280w, http:\/\/hasanagcadershaneleri.com\/wp-content\/uploads\/2018\/07\/foto-82x59.jpg 82w, http:\/\/hasanagcadershaneleri.com\/wp-content\/uploads\/2018\/07\/foto-100x71.jpg 100w, http:\/\/hasanagcadershaneleri.com\/wp-content\/uploads\/2018\/07\/foto-156x111.jpg 156w, http:\/\/hasanagcadershaneleri.com\/wp-content\/uploads\/2018\/07\/foto-600x429.jpg 600w, http:\/\/hasanagcadershaneleri.com\/wp-content\/uploads\/2018\/07\/foto.jpg 700w\" sizes=\"(max-width: 300px) 100vw, 300px\" \/><\/a>[\/vc_hoverbox][\/vc_column][\/vc_row]\n","protected":false},"excerpt":{"rendered":"<p>[vc_row][vc_column width=&#8221;1\/3&#8243;][vc_hoverbox image=&#8221;171&#8243; primary_title=&#8221;&#8221; hover_title=&#8221;&#8221; css_animation=&#8221;fadeInRight&#8221;][\/vc_hoverbox][\/vc_column][vc_column width=&#8221;1\/3&#8243;][vc_hoverbox image=&#8221;174&#8243; primary_title=&#8221;&#8221; hover_title=&#8221;&#8221;][\/vc_hoverbox][\/vc_column][vc_column width=&#8221;1\/3&#8243;][vc_hoverbox image=&#8221;175&#8243; primary_title=&#8221;&#8221; hover_title=&#8221;&#8221;][\/vc_hoverbox][\/vc_column][\/vc_row]<\/p>\n","protected":false},"author":1,"featured_media":0,"parent":0,"menu_order":0,"comment_status":"closed","ping_status":"closed","template":"","meta":[],"_links":{"self":[{"href":"http:\/\/hasanagcadershaneleri.com\/index.php?rest_route=\/wp\/v2\/pages\/162"}],"collection":[{"href":"http:\/\/hasanagcadershaneleri.com\/index.php?rest_route=\/wp\/v2\/pages"}],"about":[{"href":"http:\/\/hasanagcadershaneleri.com\/index.php?rest_route=\/wp\/v2\/types\/page"}],"author":[{"embeddable":true,"href":"http:\/\/hasanagcadershaneleri.com\/index.php?rest_route=\/wp\/v2\/users\/1"}],"replies":[{"embeddable":true,"href":"http:\/\/hasanagcadershaneleri.com\/index.php?rest_route=%2Fwp%2Fv2%2Fcomments&post=162"}],"version-history":[{"count":10,"href":"http:\/\/hasanagcadershaneleri.com\/index.php?rest_route=\/wp\/v2\/pages\/162\/revisions"}],"predecessor-version":[{"id":464,"href":"http:\/\/hasanagcadershaneleri.com\/index.php?rest_route=\/wp\/v2\/pages\/162\/revisions\/464"}],"wp:attachment":[{"href":"http:\/\/hasanagcadershaneleri.com\/index.php?rest_route=%2Fwp%2Fv2%2Fmedia&parent=162"}],"curies":[{"name":"wp","href":"https:\/\/api.w.org\/{rel}","templated":true}]}}