{"id":152,"date":"2018-07-20T16:30:43","date_gmt":"2018-07-20T16:30:43","guid":{"rendered":"http:\/\/deneme.hasanagcadershaneleri.com\/?page_id=152"},"modified":"2018-08-10T18:12:39","modified_gmt":"2018-08-10T18:12:39","slug":"lgs","status":"publish","type":"page","link":"http:\/\/hasanagcadershaneleri.com\/?page_id=152","title":{"rendered":"LGS"},"content":{"rendered":"[vc_row][vc_column width=&#8221;1\/4&#8243;][vc_single_image image=&#8221;122&#8243; img_size=&#8221;large&#8221; style=&#8221;vc_box_shadow_3d&#8221; css_animation=&#8221;fadeInLeft&#8221;][\/vc_column][vc_column width=&#8221;3\/4&#8243;][vc_message message_box_color=&#8221;alert-success&#8221; css_animation=&#8221;fadeInRight&#8221;]ORTA\u00d6\u011eRET\u0130ME GE\u00c7\u0130\u015e S\u0130STEM\u0130\u00a0(OGES) NED\u0130R?<\/p>\n<p>\u0130lk\u00f6\u011fretim 5, 6, 7 ve 8. s\u0131n\u0131f \u00f6\u011frencilerinin orta\u00f6\u011fretim kurumlar\u0131na yerle\u015ftirilmelerini sekizinci senenin sonunda seviye ve performans \u00f6l\u00e7\u00fcm\u00fcyle alacaklar\u0131 puanlara g\u00f6re yapmay\u0131 esas alan \u00f6\u011frenci odakl\u0131 yeni bir de\u011ferlendirme ve yerle\u015ftirme sistemidir.<\/p>\n<p>S\u0130STEM\u0130N TEMEL BEKLENT\u0130S\u0130<\/p>\n<p>\u0130lk\u00f6\u011fretimde uygulanan yeni \u00f6\u011fretim programlar\u0131n\u0131n temel felsefesinin yerle\u015fmesini, ba\u015far\u0131l\u0131 bir \u015fekilde uygulanmas\u0131n\u0131 sa\u011flamak ve orta\u00f6\u011fretime ge\u00e7i\u015fte s\u00fcrece dayal\u0131 ve nesnel bir yerle\u015ftirme sistemi geli\u015ftirmektir.<\/p>\n<p>Y\u0131l Sonu Ba\u015far\u0131 Puan\u0131 ( YBP )<\/p>\n<p>\u0130lk\u00f6\u011fretimin 6, 7 ve 8. s\u0131n\u0131flar\u0131nda; \u00f6\u011frencinin o y\u0131l derslerden ald\u0131\u011f\u0131 her dersin y\u0131l sonu puanlar\u0131n\u0131n haftal\u0131k ders saatiyle \u00e7arp\u0131larak elde edilen a\u011f\u0131rl\u0131kl\u0131 y\u0131l sonu puan toplam\u0131n\u0131n, haftal\u0131k ders saati toplam\u0131na b\u00f6l\u00fcm\u00fcyle hesaplanan puand\u0131r.<\/p>\n<p>Y\u0131l Sonu Ba\u015far\u0131 Puan\u0131 \u00f6\u011frencinin y\u0131l boyunca elde etti\u011fi kazan\u0131mlar\u0131n puana d\u00f6n\u00fc\u015fm\u00fc\u015f ifadesidir. Her dersin ba\u015far\u0131s\u0131 100 tam puan \u00fczerinden yap\u0131l\u0131r. Bu puan, orta\u00f6\u011fretime ge\u00e7i\u015fte (yerel yerle\u015ftirme)\u00a0 %30 etkilidir.<\/p>\n<p>S\u0130STEM\u0130N UYGULANMASI<br \/>\nLGS\u2019YE \u0130L\u0130\u015eK\u0130N UYGULAMA<\/p>\n<p>LGS ne zaman yap\u0131l\u0131r?<br \/>\nS\u0131nav, y\u0131lda bir kez haziran ay\u0131 i\u00e7erisinde yap\u0131l\u0131r ve telafisi olmaz.<\/p>\n<p>LGS SORU SAYILARI \/ A\u011eIRLIK KATSAYILARI<\/p>\n<p>Lise Giri\u015f S\u0131nav\u0131\u2019nda T\u00fcrk\u00e7e, Matematik, Fen Bilgisi, Sosyal Bilgiler, Yabanc\u0131 Dil,\u00a0 Din K\u00fclt\u00fcr\u00fc ve Ahlak Bilgisi derslerinden \u00e7oktan se\u00e7meli sorular sorulacakt\u0131r.<\/p>\n<p>Soru say\u0131lar\u0131 T\u00fcrk\u00e7e (20), Matematik (20), Fen Bilgisi (20), \u0130nk\u0131lap Tarihi (10), Yabanc\u0131 Dil (10) \u015feklinde belirlenmi\u015ftir.<\/p>\n<p>Soru i\u00e7eri\u011finin\u00a0\u00f6\u011fretim programlar\u0131 odakl\u0131 olmas\u0131, okulda sunulan e\u011fitim ve \u00f6\u011fretime dayal\u0131 olarak haz\u0131rlanmas\u0131 esas al\u0131nacakt\u0131r. Sorular \u00f6\u011frencinin \u00f6\u011frenim g\u00f6rd\u00fc\u011f\u00fc y\u0131la ait olacak ve ge\u00e7mi\u015f y\u0131llar\u0131 kapsamayacakt\u0131r.<br \/>\nM\u00fczik, Beden E\u011fitimi, Resim \u0130\u015f ve Se\u00e7meli Dersler ile Rehberlik ve Sosyal etkinliklerden soru sorulmayacakt\u0131r.<\/p>\n<p>Lise Giri\u015f S\u0131nav\u0131nda test a\u011f\u0131rl\u0131k katsay\u0131lar\u0131 T\u00fcrk\u00e7e 4, Matematik 4, Fen Bilgisi 4; \u0130nk\u0131lap Tarihi 1, Yabanc\u0131 Dil 1, Din K\u00fclt\u00fcr\u00fc ve Ahlak Bilgisi dersi i\u00e7in 1 olacakt\u0131r. \u00dc\u00e7 yanl\u0131\u015f cevap, 1 do\u011fru cevab\u0131 g\u00f6t\u00fcrecektir. \u00d6rne\u011fin, T\u00fcrk\u00e7e testinde 16 do\u011fru 3 yanl\u0131\u015f yapan bir \u00f6\u011frencinin neti 15 olacakt\u0131r. Bu da 15&#215;4= 60 olarak puana katk\u0131 sa\u011flayacakt\u0131r.<\/p>\n<p>S\u0131navda tek puan t\u00fcr\u00fc hesaplanacakt\u0131r.<\/p>\n<p>LGS NASIL UYGULANACAK?<\/p>\n<p>S\u0131nav iki oturum \u015feklinde belirlenmi\u015f olup S\u00f6zel B\u00f6l\u00fcm ve Say\u0131sal B\u00f6l\u00fcm olarak iki saat ara ile ger\u00e7ekle\u015ftirilecektir.<br \/>\n\u0130lk olarak s\u00f6zel b\u00f6l\u00fcm 50 soru ve 75 dakika, ikinci olarak say\u0131sal b\u00f6l\u00fcm 40 soru 60 dakika olmak \u00fczere uygulanacakt\u0131r.<\/p>\n<ol start=\"8\">\n<li>s\u0131n\u0131f\u0131n sonunda tercih ba\u015fvurular\u0131 al\u0131nd\u0131ktan sonra puan \u00fcst\u00fcnl\u00fc\u011f\u00fc esas\u0131na dayal\u0131 olarak \u00f6nceden belirlenmi\u015f kontenjanlara g\u00f6re yerle\u015ftirme yap\u0131lacakt\u0131r.<\/li>\n<\/ol>\n<p>Fen Liseleri, Anadolu Liseleri, Sosyal Bilimler ve Anadolu \u00d6\u011fretmen Liselerine yerle\u015ftirme; \u00f6\u011frencilerin Orta\u00f6\u011fretime Yerle\u015ftirme Puan\u0131, Bakanl\u0131k taraf\u0131ndan belirlenen baraj d\u00fczeyini ge\u00e7mi\u015f olmalar\u0131 \u015fart\u0131 ve tercih s\u0131ralamalar\u0131na g\u00f6re yap\u0131lacakt\u0131r.<\/p>\n<p>SINAVIN DE\u011eERLEND\u0130R\u0130LMES\u0130<br \/>\nLGS, Merkezi Yerle\u015ftirme ve Yerel Yerle\u015ftirme olmak \u00fczere iki \u015fekilde de\u011ferlendirilecektir. Merkezi yerle\u015ftirmede, puan ile \u00f6\u011frenci olan fen liseleri, sosyal bilimler liseleri, Anadolu liseleri, Anadolu teknik liseleri ve Anadolu imam hatip liselerine yerle\u015ftirme yap\u0131lacakt\u0131r. Yerel yerle\u015ftirmede ise 3 okul t\u00fcr\u00fcnden (Anadolu liseleri, Anadolu teknik liseleri ve Anadolu imam hatip liseleri) 5 tercih ile yerle\u015ftirme yap\u0131lacakt\u0131r.<\/p>\n<p>\u00d6zel okullar merkezi yerle\u015ftirme puan\u0131 ile belirledikleri taban puanlar do\u011frultusunda \u00f6\u011frenci alacakt\u0131r. \u00d6zel okul ve yabanc\u0131 okul yerle\u015ftirmeleri, Anadolu lisesi, fen lisesi, Anadolu teknik liseleri yerle\u015ftirmelerinden \u00f6nce yap\u0131lmaktad\u0131r.<\/p>\n<p>\u00d6zel bir okula kesin kay\u0131t yapt\u0131ran adaylar, Merkezi Yerle\u015ftirme ile \u00f6\u011frenci alan okullara tercih ba\u015fvurusunda bulunamayacaklard\u0131r. Bu haklar\u0131n\u0131 MEB\u2019in belirledi\u011fi nakil d\u00f6nemlerinde kullanabileceklerdir.[\/vc_message][\/vc_column][\/vc_row]\n","protected":false},"excerpt":{"rendered":"<p>[vc_row][vc_column width=&#8221;1\/4&#8243;][vc_single_image image=&#8221;122&#8243; img_size=&#8221;large&#8221; style=&#8221;vc_box_shadow_3d&#8221; css_animation=&#8221;fadeInLeft&#8221;][\/vc_column][vc_column width=&#8221;3\/4&#8243;][vc_message message_box_color=&#8221;alert-success&#8221; css_animation=&#8221;fadeInRight&#8221;]ORTA\u00d6\u011eRET\u0130ME GE\u00c7\u0130\u015e S\u0130STEM\u0130\u00a0(OGES) NED\u0130R? \u0130lk\u00f6\u011fretim 5, 6, 7 ve 8. s\u0131n\u0131f \u00f6\u011frencilerinin orta\u00f6\u011fretim kurumlar\u0131na yerle\u015ftirilmelerini sekizinci senenin sonunda seviye ve performans \u00f6l\u00e7\u00fcm\u00fcyle alacaklar\u0131 puanlara g\u00f6re yapmay\u0131 esas alan \u00f6\u011frenci odakl\u0131 yeni bir de\u011ferlendirme ve yerle\u015ftirme sistemidir. S\u0130STEM\u0130N TEMEL BEKLENT\u0130S\u0130 \u0130lk\u00f6\u011fretimde uygulanan yeni \u00f6\u011fretim programlar\u0131n\u0131n temel felsefesinin yerle\u015fmesini, [&hellip;]<\/p>\n","protected":false},"author":1,"featured_media":0,"parent":0,"menu_order":0,"comment_status":"closed","ping_status":"closed","template":"","meta":[],"_links":{"self":[{"href":"http:\/\/hasanagcadershaneleri.com\/index.php?rest_route=\/wp\/v2\/pages\/152"}],"collection":[{"href":"http:\/\/hasanagcadershaneleri.com\/index.php?rest_route=\/wp\/v2\/pages"}],"about":[{"href":"http:\/\/hasanagcadershaneleri.com\/index.php?rest_route=\/wp\/v2\/types\/page"}],"author":[{"embeddable":true,"href":"http:\/\/hasanagcadershaneleri.com\/index.php?rest_route=\/wp\/v2\/users\/1"}],"replies":[{"embeddable":true,"href":"http:\/\/hasanagcadershaneleri.com\/index.php?rest_route=%2Fwp%2Fv2%2Fcomments&post=152"}],"version-history":[{"count":11,"href":"http:\/\/hasanagcadershaneleri.com\/index.php?rest_route=\/wp\/v2\/pages\/152\/revisions"}],"predecessor-version":[{"id":420,"href":"http:\/\/hasanagcadershaneleri.com\/index.php?rest_route=\/wp\/v2\/pages\/152\/revisions\/420"}],"wp:attachment":[{"href":"http:\/\/hasanagcadershaneleri.com\/index.php?rest_route=%2Fwp%2Fv2%2Fmedia&parent=152"}],"curies":[{"name":"wp","href":"https:\/\/api.w.org\/{rel}","templated":true}]}}